{"id":10,"date":"2016-05-03T10:34:19","date_gmt":"2016-05-03T10:34:19","guid":{"rendered":"http:\/\/brulo.ch\/?page_id=10"},"modified":"2018-04-10T17:56:47","modified_gmt":"2018-04-10T15:56:47","slug":"wir-sind","status":"publish","type":"page","link":"https:\/\/brulo.ch\/?page_id=10","title":{"rendered":"Wir sind"},"content":{"rendered":"<p><a href=\"http:\/\/brulo.ch\/wp-content\/uploads\/2016\/05\/WIR-SIND.jpg\" rel=\"lightbox[10]\"><img loading=\"lazy\" decoding=\"async\" class=\"alignnone size-large wp-image-116\" src=\"http:\/\/brulo.ch\/wp-content\/uploads\/2016\/05\/bruloFotoneu-1024x337.jpg\" alt=\"bruloFotoneu\" width=\"1024\" height=\"337\" srcset=\"https:\/\/brulo.ch\/wp-content\/uploads\/2016\/05\/bruloFotoneu-1024x337.jpg 1024w, https:\/\/brulo.ch\/wp-content\/uploads\/2016\/05\/bruloFotoneu-500x165.jpg 500w\" sizes=\"auto, (max-width: 1024px) 100vw, 1024px\" \/><\/a><\/p>\n<p><strong>Brunhilde Matter<\/strong> (1959) ist diplomierte Ergotherapeutin, Supervisorin IEF und machte den Master of\u00a0Medical Education an der Uni Bern; seit 2008 ist sie als Dozierende und im Management f\u00fcr\u00a0Weiterbildung Ergotherapie an der Z\u00fcrcher Hochschule f\u00fcr angewandte Wissenschaft (ZHAW) in\u00a0Winterthur t\u00e4tig und amtet seit 2015 als Pr\u00e4sidentin des Tr\u00e4gervereins des Leuker Kinderdorfs St.\u00a0Antonius. Sie war als Gemeinder\u00e4tin in Leuk f\u00fcr den Bereich Kultur zust\u00e4ndig.\u00a0Sie z\u00e4hlte 1988 zu den Gr\u00fcndungsmitgliedern des Vereins \u00abIG- Kulturplatz Leuk\u00bb, hatte 2002 die Co-\u00a0Leitung f\u00fcr das Rahmenprogramm beim Theater \u00abPfynr\u00e4uber\u00bb mit rund 100 Mitwirkenden und war\u00a0Mitglied des OKs. Sie f\u00fchrte Regie beim Theaterst\u00fcck \u00abSpilet wyter\u00bb (2005) von Theater Leuk,\u00a0engagierte sich im 2008 als OK- Mitglied des Freilichttheaters \u201eZ\u00e4ll\u00e4t\u00e4 va Leigg\u201c (2008) mit 200\u00a0Mitwirkenden und war verantwortlich f\u00fcr das Zwischenspiel. 2013 amtete sie als OK- Pr\u00e4sidentin des\u00a0Freilichttheaters \u00abDs Wass\u00e4r, d\u2019W\u00e4lschu und wi\u00e4r\u00bb von Theater Leuk \u201c mit rund 100 Mitwirkenden. F\u00fcr die Freilichtproduktion &#8222;Schafswaldklinik&#8220; von und mit Theater Leuk zeichnet sich als OK-Pr\u00e4sidentin verantwortlich.<\/p>\n<p><strong>Lothar Berchtold<\/strong> (1956) arbeitet seit 1982 als Redaktor bei der Oberwalliser Tageszeitung \u201eWalliser\u00a0Bote\u201c, wo er das Ressort \u201eKultur\u201c aufbaute. F\u00fcr \u201eProverbs of Hell\u201c (2006, Binntal) \u00fcbersetzte er Texte\u00a0von William Blake vom Englischen ins Walliserdeutsche. Er war Co-Autor f\u00fcrs Freilichtspektakel \u201eZ\u00e4ll\u00e4t\u00e4\u00a0va Leigg\u201c (2008, Leuk-Stadt), das dank seinem Engagement Aufnahme fand in eine Nationalfondstudie\u00a0der Z\u00fcrcher Hochschule der K\u00fcnste (ZHdK), welche sich mit dem nicht-professionellen Theaterschaffen in\u00a0der Schweiz befasst. Zudem schrieb er das Theaterst\u00fcck \u201e100\u201c (2012) und , ebenso die Texte f\u00fcr\u00a0\u201eBig\u00e4gnig\u00e4 z Leigg\u201c (2012) , die bespielten F\u00fchrungen in Leuk-Stadt. Beim Freilichtspektakel \u201eDs Wass\u00e4r,\u00a0d W\u00e4lschu und wi\u00e4r\u201c (2013) von Theater Leuk war er ebenfalls Co-Autor. Zudem zeichnete er im Auftrag\u00a0der Kraftwerke Dala AG f\u00fcr das Buch \u201eSeverin will\u2019s wissen\u201c (2009) f\u00fcr Konzept, Texte und Fotos\u00a0verantwortlich und verfasste Beitr\u00e4ge das Buch \u201eBlickpunkt Leuk\u201c (2015). Er schrieb den Text zu &#8222;Erschmatt glockt&#8220; (2017), verfasste im Auftrag von Leuk Tourismus den f\u00fcnfteiligen Facebook-Krimi &#8222;Tatort: Schloss&#8220;(2017\/18) und zeichnete als Autor f\u00fcr das Freilichttheater &#8222;Schafswaldklinik&#8220; (2018) verantwortlich.<\/p>\n<p>2011 gr\u00fcndeten\u00a0<em>Brunhilde Matter (<a href=\"mailto:brunhilde.matter@bluewin.ch\">brunhilde.matter@bluewin.ch<\/a>) und\u00a0<\/em><em>Lothar Berchtold (<a href=\"mailto:lothar.berchtold@bluewin.ch\">lothar.berchtold@bluewin.ch<\/a>) das\u00a0<\/em><em>Leuker kulturb\u00fcro brulo (<a href=\"mailto:kultur.brulo@bluewin.ch\">kultur.brulo@bluewin.ch<\/a>).<\/em><\/p>\n<p><strong>Wir verfolgen folgende Ziele:<\/strong><br \/>\nKulturelle Projekte initiieren und umsetzen und damit das kulturelle Angebot im Ober- und Mittelwallis erweitern.<br \/>\nKulturelle Anl\u00e4sse organisieren, vorwiegend in den Bereichen Tanz, Musik und Theater.<br \/>\nIn Zusammenarbeit und\/oder auf Mandatsebene mit verschiedenen Institutionen und Gemeinden kulturelle Angebote schaffen.<br \/>\nWir \u00fcbernehmen Mandate in Sachen Kommunikation.<\/p>\n<p>&nbsp;<\/p>\n","protected":false},"excerpt":{"rendered":"<p>Brunhilde Matter (1959) ist diplomierte Ergotherapeutin, Supervisorin IEF und machte den Master of\u00a0Medical Education an der Uni Bern; seit 2008 ist sie als Dozierende und im Management f\u00fcr\u00a0Weiterbildung Ergotherapie an der Z\u00fcrcher Hochschule f\u00fcr angewandte Wissenschaft (ZHAW) in\u00a0Winterthur t\u00e4tig und amtet seit 2015 als Pr\u00e4sidentin des Tr\u00e4gervereins des Leuker Kinderdorfs St.\u00a0Antonius. Sie war als Gemeinder\u00e4tin [&hellip;]<\/p>\n","protected":false},"author":1,"featured_media":0,"parent":0,"menu_order":0,"comment_status":"closed","ping_status":"closed","template":"page-full.php","meta":{"footnotes":""},"class_list":["post-10","page","type-page","status-publish","hentry"],"_links":{"self":[{"href":"https:\/\/brulo.ch\/index.php?rest_route=\/wp\/v2\/pages\/10","targetHints":{"allow":["GET"]}}],"collection":[{"href":"https:\/\/brulo.ch\/index.php?rest_route=\/wp\/v2\/pages"}],"about":[{"href":"https:\/\/brulo.ch\/index.php?rest_route=\/wp\/v2\/types\/page"}],"author":[{"embeddable":true,"href":"https:\/\/brulo.ch\/index.php?rest_route=\/wp\/v2\/users\/1"}],"replies":[{"embeddable":true,"href":"https:\/\/brulo.ch\/index.php?rest_route=%2Fwp%2Fv2%2Fcomments&post=10"}],"version-history":[{"count":17,"href":"https:\/\/brulo.ch\/index.php?rest_route=\/wp\/v2\/pages\/10\/revisions"}],"predecessor-version":[{"id":420,"href":"https:\/\/brulo.ch\/index.php?rest_route=\/wp\/v2\/pages\/10\/revisions\/420"}],"wp:attachment":[{"href":"https:\/\/brulo.ch\/index.php?rest_route=%2Fwp%2Fv2%2Fmedia&parent=10"}],"curies":[{"name":"wp","href":"https:\/\/api.w.org\/{rel}","templated":true}]}}