{"id":26,"date":"2016-05-03T10:55:29","date_gmt":"2016-05-03T10:55:29","guid":{"rendered":"http:\/\/brulo.ch\/?page_id=26"},"modified":"2023-09-21T12:21:45","modified_gmt":"2023-09-21T10:21:45","slug":"wir-machten","status":"publish","type":"page","link":"https:\/\/brulo.ch\/?page_id=26","title":{"rendered":"Wir machten"},"content":{"rendered":"<p><a href=\"http:\/\/brulo.ch\/wp-content\/uploads\/2016\/05\/WIR-MACHTEN1.jpg\" rel=\"lightbox[26]\"><img loading=\"lazy\" decoding=\"async\" class=\"alignnone wp-image-29\" src=\"http:\/\/brulo.ch\/wp-content\/uploads\/2016\/05\/WIR-MACHTEN1-1024x685.jpg\" alt=\"WIR MACHTEN1\" width=\"450\" height=\"301\" srcset=\"https:\/\/brulo.ch\/wp-content\/uploads\/2016\/05\/WIR-MACHTEN1-1024x685.jpg 1024w, https:\/\/brulo.ch\/wp-content\/uploads\/2016\/05\/WIR-MACHTEN1-300x201.jpg 300w, https:\/\/brulo.ch\/wp-content\/uploads\/2016\/05\/WIR-MACHTEN1-768x514.jpg 768w, https:\/\/brulo.ch\/wp-content\/uploads\/2016\/05\/WIR-MACHTEN1-140x94.jpg 140w\" sizes=\"auto, (max-width: 450px) 100vw, 450px\" \/><\/a> <a href=\"http:\/\/brulo.ch\/wp-content\/uploads\/2016\/05\/WIR-MACHTEN2.jpg\" rel=\"lightbox[26]\"><img loading=\"lazy\" decoding=\"async\" class=\"alignnone wp-image-30\" src=\"http:\/\/brulo.ch\/wp-content\/uploads\/2016\/05\/WIR-MACHTEN2-1024x702.jpg\" alt=\"WIR MACHTEN2\" width=\"438\" height=\"300\" srcset=\"https:\/\/brulo.ch\/wp-content\/uploads\/2016\/05\/WIR-MACHTEN2-1024x702.jpg 1024w, https:\/\/brulo.ch\/wp-content\/uploads\/2016\/05\/WIR-MACHTEN2-300x206.jpg 300w, https:\/\/brulo.ch\/wp-content\/uploads\/2016\/05\/WIR-MACHTEN2-768x527.jpg 768w\" sizes=\"auto, (max-width: 438px) 100vw, 438px\" \/><\/a><\/p>\n<p>Seit Ende 2011 haben wir vom kulturb\u00fcro brulo verschiedenste Projekte umgesetzt. Eine Auswahl:<\/p>\n<p><strong>Eigene Projekte<\/strong><\/p>\n<p>Die szenische F\u00fchrung <strong>\u00abBig\u00e4gnig\u00e4 z Leigg\u00bb<\/strong> (2012) im Auftrag von Leuk Tourismus; diese F\u00fchrung kann bei Leuk Tourismus gebucht werden. Wir erarbeiteten Idee und Projekt, verfassten die Texte des 90-min\u00fctigen Rundgangs durch Leuk-Stadt, engagierten Regisseurin Regula Imboden und SchauspielerInnen von Theater Leuk und zeichneten sowohl f\u00fcr Organisation, Durchf\u00fchrung als auch Finanzmittelbeschaffung verantwortlich.<\/p>\n<p>Das Theater<strong> \u00ab100\u00bb<\/strong> (2012) im Auftrag des Alters-, Pflege- und Behindertenheims St. Josef in Susten, das 2012 sein 100 Jahre-Jubil\u00e4um feierte.<\/p>\n<p><strong>Mitautor<\/strong> des Freilicht-Theaters <strong>\u00abD W\u00e4lschu, ds Wass\u00e4r und wi\u00e4r\u00bb<\/strong> (2013) im Auftrag von Theater Leuk.<\/p>\n<p><strong>\u00dcbersetzung ins Walliserdeutsche<\/strong> (2016) der drei Einaktern \u00abDer B\u00e4r\u00bb, \u00abDer Heiratsantrag\u00bb und \u00abDie Hochzeitsgesellschaft\u00bb von A. Tschechow im Auftrag von Theater Leuk.<\/p>\n<p><strong>Autor<\/strong> des Freilichttheaters &#8222;<strong>Schafswaldklinik&#8220;<\/strong> im Auftrag von Theater Leuk (2018)<\/p>\n<p><strong>\u00abMilonga im Schloss Leuk\u00bb<\/strong> (seit 2013) in Zusammenarbeit mit dem Tangolehrer Fran\u00e7is Ebiner: Einmal im Monat \u2013 in der Regel am letzten Freitag \u2013 organisieren wir im Schloss Leuk eine argentinische Tangonacht. Verbunden damit ist die Mitarbeit bei der Organisation von Tangokursen, die jeweils am Montagabend im Schloss Leuk gegeben werden.<\/p>\n<p><strong>\u00abKochen mit\u2026\u00bb<\/strong> (seit 2014) im Leuker Piccola Casa Villa in Zusammenarbeit mit Michel Villa; vier Mal j\u00e4hrlich Prominente (bisheriger G\u00e4ste: S\u00e4ngerin Sina, Schauspielerin Barbara Terpoorten-Maurer, Nationalrat und Leuker Gemeindepr\u00e4sident Roberto Schmidt, altStaatsrat Thomas Burgener, S\u00e4nger und Musiker Peter Reber, Staatsrat Jean-Michel Cina, Kulturaktivist und Briger Kulturpreistr\u00e4ger Jean-Pierre D\u2019Alpaos, Historiker und Schriftsteller Wilfried Meichtry, SRF1-Moderator Michael Brunner, Publizist Patrick Rohr, Staatsr\u00e4tin Esther Waeber-Kalbermatten, Fredy Bayard, Z&#8217;Hansr\u00fcedi, Pascal Indermitten, exGardist Robin Pfammatter,\u00a0 Germaine Seewer, Division\u00e4r, Staatsrat Mathias Reynard, Marcelline Kuonen, Direktorin canal9\/Kanal9) werden eingeladen, die G\u00e4ste zu bekochen und bedienen sowie sich einem Gespr\u00e4ch \u00fcber Kulinarik und ihre pers\u00f6nlichen Aktivit\u00e4ten zu stellen.<\/p>\n<p><em><strong>Seit Herbst 2017<\/strong> findet &#8222;Kochen mit&#8230;&#8220; in der <strong>&#8222;Krone<\/strong>&#8220; am Leuker Hauptplatz statt.<\/em><\/p>\n<p><strong>\u00abKleiner Anlass \u2013 grosser Abend\u00bb<\/strong> (seit 2014) findet vier Mal j\u00e4hrlich im Leuker Piccola Casa Villa in Zusammenarbeit mit Michel Villa statt. Kulturschaffende \u2013 vor allem aus dem Bereich Literatur \u2013 berichten in einem rund 90-min\u00fctigen Gespr\u00e4ch von ihrem Schaffen und bieten den G\u00e4sten einige Kostproben davon. Bisherige G\u00e4ste waren unter anderem die Tr\u00e4gerInnen von \u00abSpycher: Literaturpreis Leuk\u00bb Felicitas Hoppe, Alissa Walser, Laszlo Krasznahorkai; und Katharina Schultens sowie die einheimischen Kulturschaffenden Anthea und Max Waibel, Silvio Pacozzi, Anton Riva, Daniel Blatter und Felix Grundh\u00f6fer, Cornelia Heynen-Igler, Renato Jordan, Andreas Wyden, Helga Zumstein, Oskar R\u00fctscher, Alex R\u00fcedi und Beat Albrecht, Hans-Peter Pfammatter.<\/p>\n<p><em><strong>Seit Herbst 2017<\/strong> findet &#8222;Kleiner Anlass&#8230;&#8220; im Carnozet der Leuker Kellerei <strong>&#8222;Vin d&#8216; ouevre&#8220;<\/strong> statt.<\/em><\/p>\n<p><strong>Projekte, Mandate, Anl\u00e4sse<\/strong><\/p>\n<p><strong>\u00abBi isch\u2026\u00bb<\/strong> (2014\/15) Ein Buchprojekt mit Sch\u00fclerInnen der Orientierungsschule Leuk, im Auftrag des Regionalen Naturparks Pfyn\/Finges.<\/p>\n<p><strong>Schreibwerkstatt insieme<\/strong> (2014, 2015) im Rahmen der Erwachsenen-Fortbildung<\/p>\n<p>Verfassen von <strong>Texten<\/strong> sowie <strong>Fotos<\/strong> f\u00fcr das zweib\u00e4ndige <strong>\u00abBlickpunkt Leuk\u00bb<\/strong>, dem Jubil\u00e4umsbuch zu 1500 Jahre Leuk<\/p>\n<p><strong>Kunstausstellung<\/strong> von Thomas Etzensberger alias Tom\u00e9 (2012) im Schloss Leuk<\/p>\n<p><strong>Freilichtausstellung \u00abK\u00f6pfe\u00bb<\/strong> (2015) in Susten, Leuk-Stadt und Erschmatt<\/p>\n<p><strong>Ausstellung \u00ab70 Jahre Theater Leuk\u00bb<\/strong>\u00a0(2015) im Schloss Leuk<\/p>\n<p><strong>Mandat<\/strong> der Gemeinde Leuk (2015) f\u00fcr Kommunikation der<strong> 1500 Jahre-Feier von Leuk<\/strong>.<\/p>\n<p><strong>Mandat<\/strong> Stiftung Schloss Leuk (2016 &#8211; 2022) f\u00fcr Kommunikation\/Anl\u00e4sse <strong>\u00ab<\/strong><strong>Spycher: Literaturpreis Leuk\u00bb<\/strong>.<\/p>\n<p><strong>Mandat<\/strong> Redaktion &#8222;Infoblatt&#8220; der Gemeinde Leuk (seit 2017).<\/p>\n<p><strong>Textverfassung<\/strong> f\u00fcr &#8222;Erschmatt glockt&#8220; (2017)<\/p>\n<p>Durchf\u00fchrung <strong>Spycher-Literaturzirke<\/strong>l (seit 2018)<\/p>\n<p><strong>Workshop<\/strong> &#8222;Wer schreibt, bleibt&#8220; (2019)<\/p>\n<p><strong>Theater &#8222;Inderwahnsinn 777&#8220;<\/strong> zu 777 Jahre Inden (2019)<\/p>\n<p>Konzept\/Erarbeitung\/Projektleitung <strong>Digitale F\u00fchrung<\/strong> durch Leuk-Stadt (2019\/2020)<\/p>\n<p><strong>Buch<\/strong> &#8222;50 Jahre Kinderdorf St. Antonius&#8220;, gemeinsam mit Franco Arnold (2022)<\/p>\n<p><strong>Mandat<\/strong> Pfyn-Finges und Kultur (2021\/2022)<\/p>\n<p><strong>Texte<\/strong> &#8222;100 Jahre Kath. Frauenbund Oberwallis&#8220; f\u00fcr Andrea Steiner (2022)<\/p>\n<p><strong>Zu Kulturanl\u00e4ssen eingeladen und Veranstaltungen organisiert<\/strong><\/p>\n<p>Gastspiele des <strong>Winterthurer Marionettentheaters<\/strong> (2012, 2014).<\/p>\n<p>Lesung <strong>\u00abLe petit Prince<\/strong><strong>\u00bb\u00a0<\/strong>( 2013) in mehr als 12 Sprachen<\/p>\n<p>Flamenco-Konzert (2013) mit <strong>\u00ab\u00a0El Trio Nuevo y Octavia de la Vega\u00bb<\/strong><\/p>\n<p>Tango-Konzert (2014) mit <strong>\u00abEl Tango Perdido\u00bb<\/strong><\/p>\n<p>Gastspiel von <strong>\u00abDie Bergpoeten\u00bb<\/strong> (2015)<\/p>\n<p>Literaturanlass f\u00fcr \u00a0<strong>\u00ab<\/strong><strong>Die Korrespondenz\u00bb<\/strong> (2015), das Walliser Festival f\u00fcr Literatur.<\/p>\n<p>Literaturanlass f\u00fcr<strong> <strong>\u00ab<\/strong>Die Korrespondenz\u00bb <\/strong>\u00a0(2016), das Walliser Festival f\u00fcr Literatur<\/p>\n<p>Tanzabend <strong>\u00abOrientalischer Tanz &#8211; und mehr\u00bb <\/strong>\u00a0mit der <strong>\u00ab<\/strong><strong>Tanzoase Brig\u00bb <\/strong>(2016).<\/p>\n<p>Konzert <strong>&#8222;Die Nachbarn&#8220;<\/strong> (2016).<\/p>\n<p>Konzert <strong>&#8222;One Take Orchestra&#8220;<\/strong> (2017).<\/p>\n<p>Musikalische Lesung <strong>&#8222;Das Leben ist ein Steilhang&#8220;<\/strong> mit <strong>Rolf Hermann<\/strong> und <strong>Oli Hartung<\/strong> (2017).<\/p>\n<p>Oldie-Disco mit <strong>DJ Biutifull Schn\u00fctz<\/strong> (2017).<\/p>\n<p>Jazz-Konzert <strong>&#8222;Art Rose Band&#8220;<\/strong> (2018).<\/p>\n<p>Musikalische Lesung mit Bildern <strong>&#8222;Kunstst\u00fcck, Frau!&#8220;<\/strong> (2018).<\/p>\n<p>Musikalische Buchvernissage<strong> &#8222;Fl\u00fcchtiges Zuhause&#8220;<\/strong> Rolf Hermann+Ephraim Salzmann (2018).<\/p>\n<p>Oldie-Disco mit <strong>DJ Biutifull Schn\u00fctz<\/strong> (2018).<\/p>\n<p>Bebilderte Lesung <strong>&#8222;StillLeben&#8220;<\/strong> mit Helga Zumstein und Cornelia Heynen-Igler (2019).<\/p>\n<p>Lesung &#8222;Opoe&#8220; mit <strong>Donat Blum <\/strong>(2019).<\/p>\n<p>Lesung &#8222;Da gibt s nur eins&#8230;&#8220; mit <strong>Beat Albrecht<\/strong> (2019).<\/p>\n<p>Konzert Flamenco mit <strong>Pascal Reichler<\/strong> und Co. (2019).<\/p>\n<p>Buchtaufe &#8222;Eine Kuh namens Manhatten&#8220; mit <strong>Rolf Hermann<\/strong>\u00a0, <strong>Oli Hartung und Mathias Schenk<\/strong> (2019).<\/p>\n<p>Lesung von <strong>Samuel Schnydrig<\/strong> aus &#8222;Klaus, Leben vor dem Steinschlag&#8220; (2021)<\/p>\n<p>Lesung von <strong>Rolf Hermann<\/strong> aus &#8222;In der Nahaufnahme verwildern wir&#8220;, mit <strong>Oli Hartung<\/strong> (2021)<\/p>\n<p>Literatur\/Musik:\u00a0 <strong>\u00abWort + Totschlag\u00bb <\/strong>(2022)<\/p>\n<p>Konzert:\u00a0<strong>&#8222;Die Nachbarn&#8220; <\/strong>(2022)<\/p>\n<p>Mitorganisation<strong> Tangokonzert\/argentinischer Volksmusikabend<\/strong> (2022)<\/p>\n<p>Lesung: <strong>Beat Albrecht<\/strong> (2022)<\/p>\n<p>Magie: &#8222;Deine Wahrheit&#8220; mit <strong>Lionel Dellberg<\/strong> (2022)<\/p>\n<p>Literatur\/Musik: <strong>&#8222;Wort + Totschlag&#8220;<\/strong> (2023)<\/p>\n","protected":false},"excerpt":{"rendered":"<p>Seit Ende 2011 haben wir vom kulturb\u00fcro brulo verschiedenste Projekte umgesetzt. Eine Auswahl: Eigene Projekte Die szenische F\u00fchrung \u00abBig\u00e4gnig\u00e4 z Leigg\u00bb (2012) im Auftrag von Leuk Tourismus; diese F\u00fchrung kann bei Leuk Tourismus gebucht werden. Wir erarbeiteten Idee und Projekt, verfassten die Texte des 90-min\u00fctigen Rundgangs durch Leuk-Stadt, engagierten Regisseurin Regula Imboden und SchauspielerInnen von [&hellip;]<\/p>\n","protected":false},"author":1,"featured_media":0,"parent":0,"menu_order":0,"comment_status":"closed","ping_status":"closed","template":"page-full.php","meta":{"footnotes":""},"class_list":["post-26","page","type-page","status-publish","hentry"],"_links":{"self":[{"href":"https:\/\/brulo.ch\/index.php?rest_route=\/wp\/v2\/pages\/26","targetHints":{"allow":["GET"]}}],"collection":[{"href":"https:\/\/brulo.ch\/index.php?rest_route=\/wp\/v2\/pages"}],"about":[{"href":"https:\/\/brulo.ch\/index.php?rest_route=\/wp\/v2\/types\/page"}],"author":[{"embeddable":true,"href":"https:\/\/brulo.ch\/index.php?rest_route=\/wp\/v2\/users\/1"}],"replies":[{"embeddable":true,"href":"https:\/\/brulo.ch\/index.php?rest_route=%2Fwp%2Fv2%2Fcomments&post=26"}],"version-history":[{"count":43,"href":"https:\/\/brulo.ch\/index.php?rest_route=\/wp\/v2\/pages\/26\/revisions"}],"predecessor-version":[{"id":567,"href":"https:\/\/brulo.ch\/index.php?rest_route=\/wp\/v2\/pages\/26\/revisions\/567"}],"wp:attachment":[{"href":"https:\/\/brulo.ch\/index.php?rest_route=%2Fwp%2Fv2%2Fmedia&parent=26"}],"curies":[{"name":"wp","href":"https:\/\/api.w.org\/{rel}","templated":true}]}}